{"id":2588,"date":"2025-10-03T15:45:09","date_gmt":"2025-10-03T15:45:09","guid":{"rendered":"https:\/\/darkturquoise-manatee-198802.hostingersite.com\/?page_id=2588"},"modified":"2025-10-03T15:51:42","modified_gmt":"2025-10-03T15:51:42","slug":"tovabbkepzesek","status":"publish","type":"page","link":"https:\/\/josz.org\/en\/tovabbkepzesek\/","title":{"rendered":"Tov\u00e1bbk\u00e9pz\u00e9sek"},"content":{"rendered":"<div data-elementor-type=\"wp-page\" data-elementor-id=\"2588\" class=\"elementor elementor-2588\" data-elementor-post-type=\"page\">\n\t\t\t\t<div class=\"elementor-element elementor-element-0e285f1 e-flex e-con-boxed e-con e-parent\" data-id=\"0e285f1\" data-element_type=\"container\" data-settings=\"{&quot;background_background&quot;:&quot;classic&quot;,&quot;jet_parallax_layout_list&quot;:[]}\">\n\t\t\t\t\t<div class=\"e-con-inner\">\n\t\t<div class=\"elementor-element elementor-element-aea1274 e-con-full e-flex e-con e-child\" data-id=\"aea1274\" data-element_type=\"container\" data-settings=\"{&quot;jet_parallax_layout_list&quot;:[]}\">\n\t\t\t\t<div class=\"elementor-element elementor-element-8a30e25 elementor-widget elementor-widget-heading\" data-id=\"8a30e25\" data-element_type=\"widget\" data-widget_type=\"heading.default\">\n\t\t\t\t<div class=\"elementor-widget-container\">\n\t\t\t\t\t<h1 class=\"elementor-heading-title elementor-size-default\">Tov\u00e1bbk\u00e9pz\u00e9sek<\/h1>\t\t\t\t<\/div>\n\t\t\t\t<\/div>\n\t\t\t\t<\/div>\n\t\t\t\t\t<\/div>\n\t\t\t\t<\/div>\n\t\t<div class=\"elementor-element elementor-element-e86c16d e-flex e-con-boxed e-con e-parent\" data-id=\"e86c16d\" data-element_type=\"container\" data-settings=\"{&quot;jet_parallax_layout_list&quot;:[]}\">\n\t\t\t\t\t<div class=\"e-con-inner\">\n\t\t<div class=\"elementor-element elementor-element-4496a6e e-con-full e-flex elementor-invisible e-con e-child\" data-id=\"4496a6e\" data-element_type=\"container\" data-settings=\"{&quot;jet_parallax_layout_list&quot;:[],&quot;animation&quot;:&quot;fadeInUp&quot;,&quot;animation_delay&quot;:200}\">\n\t\t\t\t<div class=\"elementor-element elementor-element-f93b735 elementor-widget elementor-widget-heading\" data-id=\"f93b735\" data-element_type=\"widget\" data-widget_type=\"heading.default\">\n\t\t\t\t<div class=\"elementor-widget-container\">\n\t\t\t\t\t<h2 class=\"elementor-heading-title elementor-size-default\">Akad\u00e9mi\u00e1k<\/h2>\t\t\t\t<\/div>\n\t\t\t\t<\/div>\n\t\t\t\t<div class=\"elementor-element elementor-element-3807630 elementor-widget__width-initial elementor-widget elementor-widget-text-editor\" data-id=\"3807630\" data-element_type=\"widget\" data-widget_type=\"text-editor.default\">\n\t\t\t\t<div class=\"elementor-widget-container\">\n\t\t\t\t\t\t\t\t\t<p style=\"font-weight: 400;\">A J\u00d6Sz sz\u00e1m\u00e1ra kiemelten fontos egyar\u00e1nt a joghallgat\u00f3k \u00e9s a m\u00e1r v\u00e9gzett jog\u00e1szok teljes, tags\u00e1gunkon t\u00falmutat\u00f3 szakmai t\u00e1mogat\u00e1sa, \u00edgy \u00e9vente t\u00f6bb Akad\u00e9mi\u00e1t is ind\u00edtunk, melyre a jogi szf\u00e9ra \u00f6sszes k\u00e9pvisel\u0151j\u00e9t, k\u00e9pzetts\u00e9gt\u0151l f\u00fcggetlen\u00fcl v\u00e1rjuk.<\/p>\t\t\t\t\t\t\t\t<\/div>\n\t\t\t\t<\/div>\n\t\t\t\t<\/div>\n\t\t\t\t\t<\/div>\n\t\t\t\t<\/div>\n\t\t<div class=\"elementor-element elementor-element-4a77260 e-flex e-con-boxed e-con e-parent\" data-id=\"4a77260\" data-element_type=\"container\" data-settings=\"{&quot;jet_parallax_layout_list&quot;:[]}\">\n\t\t\t\t\t<div class=\"e-con-inner\">\n\t\t<div class=\"elementor-element elementor-element-8312f2c e-con-full e-flex elementor-invisible e-con e-child\" data-id=\"8312f2c\" data-element_type=\"container\" data-settings=\"{&quot;jet_parallax_layout_list&quot;:[],&quot;animation&quot;:&quot;fadeInUp&quot;}\">\n\t\t\t\t<div class=\"elementor-element elementor-element-5252be7 elementor-widget elementor-widget-image\" data-id=\"5252be7\" data-element_type=\"widget\" data-widget_type=\"image.default\">\n\t\t\t\t<div class=\"elementor-widget-container\">\n\t\t\t\t\t\t\t\t\t\t\t\t\t\t\t<img fetchpriority=\"high\" decoding=\"async\" width=\"1536\" height=\"864\" src=\"https:\/\/josz.org\/wp-content\/uploads\/2025\/10\/energia-borito-1536x864-1.jpg\" class=\"attachment-full size-full wp-image-2590\" alt=\"\" srcset=\"https:\/\/josz.org\/wp-content\/uploads\/2025\/10\/energia-borito-1536x864-1.jpg 1536w, https:\/\/josz.org\/wp-content\/uploads\/2025\/10\/energia-borito-1536x864-1-600x338.jpg 600w, https:\/\/josz.org\/wp-content\/uploads\/2025\/10\/energia-borito-1536x864-1-300x169.jpg 300w, https:\/\/josz.org\/wp-content\/uploads\/2025\/10\/energia-borito-1536x864-1-1024x576.jpg 1024w, https:\/\/josz.org\/wp-content\/uploads\/2025\/10\/energia-borito-1536x864-1-768x432.jpg 768w, https:\/\/josz.org\/wp-content\/uploads\/2025\/10\/energia-borito-1536x864-1-18x10.jpg 18w\" sizes=\"(max-width: 1536px) 100vw, 1536px\" \/>\t\t\t\t\t\t\t\t\t\t\t\t\t\t\t<\/div>\n\t\t\t\t<\/div>\n\t\t\t\t<\/div>\n\t\t<div class=\"elementor-element elementor-element-adc179d e-con-full e-flex elementor-invisible e-con e-child\" data-id=\"adc179d\" data-element_type=\"container\" data-settings=\"{&quot;jet_parallax_layout_list&quot;:[],&quot;animation&quot;:&quot;fadeInUp&quot;,&quot;animation_delay&quot;:200}\">\n\t\t\t\t<div class=\"elementor-element elementor-element-8d5bdc1 elementor-widget elementor-widget-text-editor\" data-id=\"8d5bdc1\" data-element_type=\"widget\" data-widget_type=\"text-editor.default\">\n\t\t\t\t<div class=\"elementor-widget-container\">\n\t\t\t\t\t\t\t\t\t<h3><strong>Energia Akad\u00e9mia<\/strong><\/h3><p>A J\u00d6Sz Energia Akad\u00e9mi\u00e1ja a J\u00d6Sz Int\u00e9zet \u00e9s Alap\u00edtv\u00e1ny, a MOL \u00e9s az MVM egy\u00fcttm\u0171k\u00f6d\u00e9s\u00e9nek keret\u00e9ben l\u00e9trej\u00f6tt t\u00e9r\u00edt\u00e9smentes, gyakorlatk\u00f6zpont\u00fa k\u00e9pz\u00e9s melynek keret\u00e9ben a r\u00e9sztvev\u0151 hallgat\u00f3k \u00e9s v\u00e9gzett jog\u00e1szok betekinthetnek az energiaszektor m\u0171k\u00f6d\u00e9s\u00e9be, \u00e9s elsaj\u00e1t\u00edthatj\u00e1k azokat az alapvet\u0151 m\u0171szaki, jogi \u00e9s szervez\u00e9si ismereteket, melyek elengedhetetlenek a ter\u00fcleten t\u00f6rt\u00e9n\u0151 hat\u00e9kony jog\u00e1szi munk\u00e1hoz. Az akad\u00e9mia k\u00e9pz\u00e9se sor\u00e1n a r\u00e9sztvev\u0151k \u00e1tfog\u00f3 elm\u00e9leti \u00e9s gyakorlati tud\u00e1sra tehetnek szert, valamint megismerkedhetnek haz\u00e1nk k\u00e9t vezet\u0151 energetikai v\u00e1llalat\u00e1nak \u2013 a MOL-nak \u00e9s az MVM-nek \u2013 a m\u0171k\u00f6d\u00e9s\u00e9vel, szervezeti fel\u00e9p\u00edt\u00e9s\u00e9vel \u00e9s t\u00f6rt\u00e9net\u00e9vel.<\/p>\t\t\t\t\t\t\t\t<\/div>\n\t\t\t\t<\/div>\n\t\t\t\t<\/div>\n\t\t\t\t\t<\/div>\n\t\t\t\t<\/div>\n\t\t<div class=\"elementor-element elementor-element-12c5405 e-flex e-con-boxed e-con e-parent\" data-id=\"12c5405\" data-element_type=\"container\" data-settings=\"{&quot;jet_parallax_layout_list&quot;:[]}\">\n\t\t\t\t\t<div class=\"e-con-inner\">\n\t\t<div class=\"elementor-element elementor-element-6ea1835 e-con-full e-flex e-con e-child\" data-id=\"6ea1835\" data-element_type=\"container\" data-settings=\"{&quot;jet_parallax_layout_list&quot;:[]}\">\n\t\t\t\t<div class=\"elementor-element elementor-element-f93b1b3 elementor-widget elementor-widget-text-editor\" data-id=\"f93b1b3\" data-element_type=\"widget\" data-widget_type=\"text-editor.default\">\n\t\t\t\t<div class=\"elementor-widget-container\">\n\t\t\t\t\t\t\t\t\t<h3><strong>IT Akad\u00e9mia<\/strong><\/h3><p>A J\u00d6Sz IT Akad\u00e9mi\u00e1j\u00e1nak c\u00e9lja, hogy a r\u00e9sztvev\u0151 hallgat\u00f3k \u00e9s v\u00e9gzett jog\u00e1szok megismerkedjenek az informatika vil\u00e1g\u00e1val, az ehhez kapcsol\u00f3d\u00f3 jogi \u00e9s szervez\u00e9si alapismeretekkel, valamint ezzel p\u00e1rhuzamosan elsaj\u00e1t\u00edts\u00e1k a programoz\u00e1s alapjait. A r\u00e9sztvev\u0151k megismerkedhetnek a JAVA programoz\u00e1s alapjaival, elk\u00e9sz\u00edthetnek n\u00e9h\u00e1ny, a jog\u00e1szi munk\u00e1hoz k\u00f6t\u0151d\u0151 kezdetleges szoftvert, ezzel p\u00e1rhuzamosan pedig olyan t\u00e9m\u00e1kkal tal\u00e1lkozhatnak, mint az IT szerz\u0151d\u00e9st\u00edpusok, internetjog, domain jog, a szoftver licencek joga, a HTML, CSS, PHP, valamint az IT szektor szervez\u00e9si megold\u00e1sai.<\/p>\t\t\t\t\t\t\t\t<\/div>\n\t\t\t\t<\/div>\n\t\t\t\t<\/div>\n\t\t<div class=\"elementor-element elementor-element-38dad7a e-con-full e-flex e-con e-child\" data-id=\"38dad7a\" data-element_type=\"container\" data-settings=\"{&quot;jet_parallax_layout_list&quot;:[]}\">\n\t\t\t\t<div class=\"elementor-element elementor-element-58067dd elementor-widget elementor-widget-image\" data-id=\"58067dd\" data-element_type=\"widget\" data-widget_type=\"image.default\">\n\t\t\t\t<div class=\"elementor-widget-container\">\n\t\t\t\t\t\t\t\t\t\t\t\t\t\t\t<img decoding=\"async\" width=\"768\" height=\"433\" src=\"https:\/\/josz.org\/wp-content\/uploads\/2024\/09\/att.ebJ1y7rDUplkivnFotcfbn8KWrnYQ4nmGjT805vQrFg-768x433-1-1.jpg\" class=\"attachment-large size-large wp-image-1857\" alt=\"\" srcset=\"https:\/\/josz.org\/wp-content\/uploads\/2024\/09\/att.ebJ1y7rDUplkivnFotcfbn8KWrnYQ4nmGjT805vQrFg-768x433-1-1.jpg 768w, https:\/\/josz.org\/wp-content\/uploads\/2024\/09\/att.ebJ1y7rDUplkivnFotcfbn8KWrnYQ4nmGjT805vQrFg-768x433-1-1-600x338.jpg 600w, https:\/\/josz.org\/wp-content\/uploads\/2024\/09\/att.ebJ1y7rDUplkivnFotcfbn8KWrnYQ4nmGjT805vQrFg-768x433-1-1-300x169.jpg 300w, https:\/\/josz.org\/wp-content\/uploads\/2024\/09\/att.ebJ1y7rDUplkivnFotcfbn8KWrnYQ4nmGjT805vQrFg-768x433-1-1-18x10.jpg 18w\" sizes=\"(max-width: 768px) 100vw, 768px\" \/>\t\t\t\t\t\t\t\t\t\t\t\t\t\t\t<\/div>\n\t\t\t\t<\/div>\n\t\t\t\t<\/div>\n\t\t\t\t\t<\/div>\n\t\t\t\t<\/div>\n\t\t<div class=\"elementor-element elementor-element-e158c99 e-flex e-con-boxed e-con e-parent\" data-id=\"e158c99\" data-element_type=\"container\" data-settings=\"{&quot;jet_parallax_layout_list&quot;:[]}\">\n\t\t\t\t\t<div class=\"e-con-inner\">\n\t\t<div class=\"elementor-element elementor-element-d4a2ebf e-con-full e-flex elementor-invisible e-con e-child\" data-id=\"d4a2ebf\" data-element_type=\"container\" data-settings=\"{&quot;jet_parallax_layout_list&quot;:[],&quot;animation&quot;:&quot;fadeInUp&quot;}\">\n\t\t\t\t<div class=\"elementor-element elementor-element-49fd153 elementor-widget elementor-widget-image\" data-id=\"49fd153\" data-element_type=\"widget\" data-widget_type=\"image.default\">\n\t\t\t\t<div class=\"elementor-widget-container\">\n\t\t\t\t\t\t\t\t\t\t\t\t\t\t\t<img decoding=\"async\" width=\"1536\" height=\"865\" src=\"https:\/\/josz.org\/wp-content\/uploads\/2025\/10\/Borito-kep-Fb-4-1536x865-1.jpg\" class=\"attachment-full size-full wp-image-2591\" alt=\"\" srcset=\"https:\/\/josz.org\/wp-content\/uploads\/2025\/10\/Borito-kep-Fb-4-1536x865-1.jpg 1536w, https:\/\/josz.org\/wp-content\/uploads\/2025\/10\/Borito-kep-Fb-4-1536x865-1-600x338.jpg 600w, https:\/\/josz.org\/wp-content\/uploads\/2025\/10\/Borito-kep-Fb-4-1536x865-1-300x169.jpg 300w, https:\/\/josz.org\/wp-content\/uploads\/2025\/10\/Borito-kep-Fb-4-1536x865-1-1024x577.jpg 1024w, https:\/\/josz.org\/wp-content\/uploads\/2025\/10\/Borito-kep-Fb-4-1536x865-1-768x433.jpg 768w, https:\/\/josz.org\/wp-content\/uploads\/2025\/10\/Borito-kep-Fb-4-1536x865-1-18x10.jpg 18w\" sizes=\"(max-width: 1536px) 100vw, 1536px\" \/>\t\t\t\t\t\t\t\t\t\t\t\t\t\t\t<\/div>\n\t\t\t\t<\/div>\n\t\t\t\t<\/div>\n\t\t<div class=\"elementor-element elementor-element-724a996 e-con-full e-flex elementor-invisible e-con e-child\" data-id=\"724a996\" data-element_type=\"container\" data-settings=\"{&quot;jet_parallax_layout_list&quot;:[],&quot;animation&quot;:&quot;fadeInUp&quot;,&quot;animation_delay&quot;:200}\">\n\t\t\t\t<div class=\"elementor-element elementor-element-a00f089 elementor-widget elementor-widget-text-editor\" data-id=\"a00f089\" data-element_type=\"widget\" data-widget_type=\"text-editor.default\">\n\t\t\t\t<div class=\"elementor-widget-container\">\n\t\t\t\t\t\t\t\t\t<h3><strong>AI Akad\u00e9mia<\/strong><\/h3><p style=\"font-weight: 400;\">A J\u00d6Sz AI Akad\u00e9mi\u00e1j\u00e1nak keret\u00e9ben a r\u00e9sztvev\u0151 hallgat\u00f3k \u00e9s v\u00e9gzett jog\u00e1szok megismerkedhetnek a mesters\u00e9ges intelligencia m\u0171k\u00f6d\u00e9s\u00e9nek alapelveivel, valamint a technol\u00f3gia jog\u00e1szi munk\u00e1ban t\u00f6rt\u00e9n\u0151 alkalmazhat\u00f3s\u00e1g\u00e1nak gyakorlati megold\u00e1saival. A kurzus sor\u00e1n c\u00e9lunk, hogy a r\u00e9sztvev\u0151 hallgat\u00f3k megismerj\u00e9k a mesters\u00e9ges intelligenci\u00e1k m\u0171k\u00f6d\u00e9s\u00e9nek alapjait, gyakorlati ismereteket szerezzenek sz\u00e1mos AI alap\u00fa megold\u00e1s haszn\u00e1lat\u00e1ban, valamint gyakorlati tud\u00e1sra tegyenek szert olyan, az<\/p><p style=\"font-weight: 400;\">AI- hoz k\u00f6zvetlen\u00fcl nem k\u00f6t\u0151d\u0151 technol\u00f3giai megold\u00e1sok haszn\u00e1lat\u00e1ban, melyek seg\u00edthetik h\u00e9tk\u00f6znapi m\u0171k\u00f6d\u00e9s\u00fcket.<\/p>\t\t\t\t\t\t\t\t<\/div>\n\t\t\t\t<\/div>\n\t\t\t\t<\/div>\n\t\t\t\t\t<\/div>\n\t\t\t\t<\/div>\n\t\t<div class=\"elementor-element elementor-element-f60ca10 e-flex e-con-boxed e-con e-parent\" data-id=\"f60ca10\" data-element_type=\"container\" data-settings=\"{&quot;jet_parallax_layout_list&quot;:[]}\">\n\t\t\t\t\t<div class=\"e-con-inner\">\n\t\t<div class=\"elementor-element elementor-element-f3a7c4f e-con-full e-flex elementor-invisible e-con e-child\" data-id=\"f3a7c4f\" data-element_type=\"container\" data-settings=\"{&quot;jet_parallax_layout_list&quot;:[],&quot;animation&quot;:&quot;fadeInUp&quot;,&quot;animation_delay&quot;:200}\">\n\t\t\t\t<div class=\"elementor-element elementor-element-a6c10c4 elementor-widget__width-initial elementor-widget elementor-widget-text-editor\" data-id=\"a6c10c4\" data-element_type=\"widget\" data-widget_type=\"text-editor.default\">\n\t\t\t\t<div class=\"elementor-widget-container\">\n\t\t\t\t\t\t\t\t\t<p style=\"font-weight: 400;\">Mindegyik Akad\u00e9mi\u00e1nk akkredit\u00e1lt feln\u0151ttk\u00e9pz\u00e9s, mely vizsg\u00e1val z\u00e1rul \u00e9s a vizsg\u00e1t sikeresen teljes\u00edt\u0151 hallgat\u00f3k tan\u00fas\u00edtv\u00e1nyra lesznek jogosultak.<\/p>\t\t\t\t\t\t\t\t<\/div>\n\t\t\t\t<\/div>\n\t\t\t\t<\/div>\n\t\t\t\t\t<\/div>\n\t\t\t\t<\/div>\n\t\t<div class=\"elementor-element elementor-element-b401c90 e-flex e-con-boxed e-con e-parent\" data-id=\"b401c90\" data-element_type=\"container\" data-settings=\"{&quot;background_background&quot;:&quot;classic&quot;,&quot;jet_parallax_layout_list&quot;:[]}\">\n\t\t\t\t\t<div class=\"e-con-inner\">\n\t\t<div class=\"elementor-element elementor-element-33e8a06 e-con-full e-flex e-con e-child\" data-id=\"33e8a06\" data-element_type=\"container\" data-settings=\"{&quot;jet_parallax_layout_list&quot;:[]}\">\n\t\t\t\t<div class=\"elementor-element elementor-element-39e9337 elementor-widget elementor-widget-heading\" data-id=\"39e9337\" data-element_type=\"widget\" data-widget_type=\"heading.default\">\n\t\t\t\t<div class=\"elementor-widget-container\">\n\t\t\t\t\t<h2 class=\"elementor-heading-title elementor-size-default\">Aktualit\u00e1sok<\/h2>\t\t\t\t<\/div>\n\t\t\t\t<\/div>\n\t\t\t\t<div class=\"elementor-element elementor-element-22858c5 elementor-widget elementor-widget-ucaddon_hover_text_reveal_content_box\" data-id=\"22858c5\" data-element_type=\"widget\" data-widget_type=\"ucaddon_hover_text_reveal_content_box.default\">\n\t\t\t\t<div class=\"elementor-widget-container\">\n\t\t\t\t\t\n<!-- start Content Reveal on Hover -->\n<style>\/* widget: Content Reveal on Hover *\/\n\n.uc_long_content_box {\n\toverflow:hidden;\n}\n.uc_long_content_box *{\n\tbox-sizing: border-box;\n}\n#uc_hover_text_reveal_content_box_elementor_22858c5 .uc_long_content_box_holder{\n\tposition: relative;\n    text-align:left;\n    overflow:hidden;\n}\n#uc_hover_text_reveal_content_box_elementor_22858c5 .uc_long_content_box_holder .uc_long_content_box_box{\n\tposition: relative;\n}\n\n#uc_hover_text_reveal_content_box_elementor_22858c5 .uc_long_content_box_holder .uc_long_content_box_box .uc_image_box{\n\tposition: relative;\n\tbackground-size: cover !important;\n\tbackground-repeat: no-repeat !important;\n\twidth: 100%;\n    background-blend-mode:normal;\n}\n\n#uc_hover_text_reveal_content_box_elementor_22858c5 .uc_long_content_box_holder .uc_long_content_box_box .uc_overlay{\n\tposition: absolute;\n\tleft: 0;\n\ttop: 0;\n    right:0;\n    bottom:0;\n\twidth: 100%;\n\theight: 100%;\n\tz-index: 2;\n  transition:1s;\n}\n\n#uc_hover_text_reveal_content_box_elementor_22858c5 .uc_long_content_box_holder .uc_long_content_box_box .uc_box_content{\n\tleft: 0;\n    bottom: 0;\n    position: absolute;\n    margin: 0;\n    width: 100%;\n\tz-index: 3;\n\toverflow: hidden;\n\tdisplay: flex;\n    height: 100%;\n    flex-direction: column;\n    justify-content: flex-end;\n}\n\n#uc_hover_text_reveal_content_box_elementor_22858c5 .uc_long_content_box_holder .uc_long_content_box_box .uc_box_content .uc_title{\n  transition:0.5s;\t\n}\n\n#uc_hover_text_reveal_content_box_elementor_22858c5 .uc_long_content_box_holder .uc_long_content_box_box .uc_box_content {\n  transition:0.5s;\n  transform: translateY(10px);\n}\n.uc_title\n{\n}\n#uc_hover_text_reveal_content_box_elementor_22858c5 .uc_long_content_box_holder:hover .uc_long_content_box_box .uc_box_content .uc_title{\n  transform: translateY(-10px);\t\n}\n#uc_hover_text_reveal_content_box_elementor_22858c5 .uc_long_content_box_holder .uc_long_content_box_box .uc_box_content .uc_hidden_content{\n\toverflow: hidden;\n    transform: scaleY(0);\n    transform-origin: bottom;\n  transition:0.5s;\n    max-height: 0;\n\topacity: 0;\n}\n\n#uc_hover_text_reveal_content_box_elementor_22858c5 .uc_long_content_box_holder:hover .uc_long_content_box_box .uc_box_content .uc_hidden_content{\n    max-height: 100%;\n    transform: scaleY(1);\n    overflow: visible;\n\topacity: 1;\n\t\n}\n\n.uc_box_content .uc_description{\n\tcolor: #fff;\n}\n#uc_hover_text_reveal_content_box_elementor_22858c5 .uc_long_content_box_holder .uc_long_content_box_box .uc_box_content .uc_btn{\n\ttext-decoration: none;\n\tdisplay: inline-block;\n    text-align:center;\n  transition:0.5s;\n}\n\n\n\n<\/style>\n\n<div class=\"uc_long_content_box\" id=\"uc_hover_text_reveal_content_box_elementor_22858c5\">\n\t\t<div class=\"uc_long_content_box_holder\">\n\t\t\t\n\t\t\t<div class=\"uc_long_content_box_box\">\n\t\t\t\t<div class=\"uc_image_box\" style=\" background-image: url(https:\/\/josz.org\/wp-content\/uploads\/2024\/08\/joszkoli.png);\"><\/div>\n\t\t\t\t<div class=\"uc_overlay\" ><\/div>\n\t\t\t\t<div class=\"uc_box_content\">\n\t\t\t\t\t<div class=\"uc_title\">J\u00d6Sz-IT-akad\u00e9mia<\/div>\t\t\t\t\t<div class=\"uc_hidden_content\">\n\t\t\t\t\t\t<div class=\"uc_description\"><\/div>\t\t\t\t\t\t<a  href=\"https:\/\/intezet.josz.org\/index.php\/josz-it-akademia\/\" class=\"uc_btn\" >Tov\u00e1bb<\/a>                        \t\t\t\t\t<\/div>\n\t\t\t\t<\/div>\n\t\t\t<\/div>\n\t\t\t\n\t\t<\/div>\n    <\/div>\n<!-- end Content Reveal on Hover -->\t\t\t\t<\/div>\n\t\t\t\t<\/div>\n\t\t\t\t<\/div>\n\t\t<div class=\"elementor-element elementor-element-3d29644 e-con-full e-flex e-con e-child\" data-id=\"3d29644\" data-element_type=\"container\" data-settings=\"{&quot;jet_parallax_layout_list&quot;:[]}\">\n\t\t\t\t<div class=\"elementor-element elementor-element-617eb6f elementor-widget elementor-widget-heading\" data-id=\"617eb6f\" data-element_type=\"widget\" data-widget_type=\"heading.default\">\n\t\t\t\t<div class=\"elementor-widget-container\">\n\t\t\t\t\t<h1 class=\"elementor-heading-title elementor-size-default\">Kapcsolat<\/h1>\t\t\t\t<\/div>\n\t\t\t\t<\/div>\n\t\t\t\t<div class=\"elementor-element elementor-element-65ab4f7 elementor-view-stacked elementor-position-left elementor-shape-circle elementor-mobile-position-top elementor-widget elementor-widget-icon-box\" data-id=\"65ab4f7\" data-element_type=\"widget\" data-widget_type=\"icon-box.default\">\n\t\t\t\t<div class=\"elementor-widget-container\">\n\t\t\t\t\t\t\t<div class=\"elementor-icon-box-wrapper\">\n\n\t\t\t\t\t\t<div class=\"elementor-icon-box-icon\">\n\t\t\t\t<a href=\"https:\/\/www.facebook.com\/events\/799753222351724\" class=\"elementor-icon\" tabindex=\"-1\" aria-label=\"Facebook\">\n\t\t\t\t<svg aria-hidden=\"true\" class=\"e-font-icon-svg e-fas-phone\" viewbox=\"0 0 512 512\" xmlns=\"http:\/\/www.w3.org\/2000\/svg\"><path d=\"M493.4 24.6l-104-24c-11.3-2.6-22.9 3.3-27.5 13.9l-48 112c-4.2 9.8-1.4 21.3 6.9 28l60.6 49.6c-36 76.7-98.9 140.5-177.2 177.2l-49.6-60.6c-6.8-8.3-18.2-11.1-28-6.9l-112 48C3.9 366.5-2 378.1.6 389.4l24 104C27.1 504.2 36.7 512 48 512c256.1 0 464-207.5 464-464 0-11.2-7.7-20.9-18.6-23.4z\"><\/path><\/svg>\t\t\t\t<\/a>\n\t\t\t<\/div>\n\t\t\t\n\t\t\t\t\t\t<div class=\"elementor-icon-box-content\">\n\n\t\t\t\t\t\t\t\t\t<div class=\"elementor-icon-box-title\">\n\t\t\t\t\t\t<a href=\"https:\/\/www.facebook.com\/events\/799753222351724\" >\n\t\t\t\t\t\t\tFacebook\t\t\t\t\t\t<\/a>\n\t\t\t\t\t<\/div>\n\t\t\t\t\n\t\t\t\t\t\t\t\t\t<p class=\"elementor-icon-box-description\">\n\t\t\t\t\t\thttps:\/\/www.facebook.com\t\t\t\t\t<\/p>\n\t\t\t\t\n\t\t\t<\/div>\n\t\t\t\n\t\t<\/div>\n\t\t\t\t\t\t<\/div>\n\t\t\t\t<\/div>\n\t\t\t\t<div class=\"elementor-element elementor-element-013830d elementor-view-stacked elementor-position-left elementor-shape-circle elementor-mobile-position-top elementor-widget elementor-widget-icon-box\" data-id=\"013830d\" data-element_type=\"widget\" data-widget_type=\"icon-box.default\">\n\t\t\t\t<div class=\"elementor-widget-container\">\n\t\t\t\t\t\t\t<div class=\"elementor-icon-box-wrapper\">\n\n\t\t\t\t\t\t<div class=\"elementor-icon-box-icon\">\n\t\t\t\t<span  class=\"elementor-icon\">\n\t\t\t\t<svg aria-hidden=\"true\" class=\"e-font-icon-svg e-fas-envelope\" viewbox=\"0 0 512 512\" xmlns=\"http:\/\/www.w3.org\/2000\/svg\"><path d=\"M502.3 190.8c3.9-3.1 9.7-.2 9.7 4.7V400c0 26.5-21.5 48-48 48H48c-26.5 0-48-21.5-48-48V195.6c0-5 5.7-7.8 9.7-4.7 22.4 17.4 52.1 39.5 154.1 113.6 21.1 15.4 56.7 47.8 92.2 47.6 35.7.3 72-32.8 92.3-47.6 102-74.1 131.6-96.3 154-113.7zM256 320c23.2.4 56.6-29.2 73.4-41.4 132.7-96.3 142.8-104.7 173.4-128.7 5.8-4.5 9.2-11.5 9.2-18.9v-19c0-26.5-21.5-48-48-48H48C21.5 64 0 85.5 0 112v19c0 7.4 3.4 14.3 9.2 18.9 30.6 23.9 40.7 32.4 173.4 128.7 16.8 12.2 50.2 41.8 73.4 41.4z\"><\/path><\/svg>\t\t\t\t<\/span>\n\t\t\t<\/div>\n\t\t\t\n\t\t\t\t\t\t<div class=\"elementor-icon-box-content\">\n\n\t\t\t\t\t\t\t\t\t<div class=\"elementor-icon-box-title\">\n\t\t\t\t\t\t<span  >\n\t\t\t\t\t\t\tEmail\t\t\t\t\t\t<\/span>\n\t\t\t\t\t<\/div>\n\t\t\t\t\n\t\t\t\t\t\t\t\t\t<p class=\"elementor-icon-box-description\">\n\t\t\t\t\t\tintezet@josz.org\t\t\t\t\t<\/p>\n\t\t\t\t\n\t\t\t<\/div>\n\t\t\t\n\t\t<\/div>\n\t\t\t\t\t\t<\/div>\n\t\t\t\t<\/div>\n\t\t\t\t<\/div>\n\t\t\t\t\t<\/div>\n\t\t\t\t<\/div>\n\t\t\t\t<\/div>","protected":false},"excerpt":{"rendered":"<p>Tov\u00e1bbk\u00e9pz\u00e9sek Akad\u00e9mi\u00e1k A J\u00d6Sz sz\u00e1m\u00e1ra kiemelten fontos egyar\u00e1nt a joghallgat\u00f3k \u00e9s a m\u00e1r v\u00e9gzett jog\u00e1szok teljes, tags\u00e1gunkon t\u00falmutat\u00f3 szakmai t\u00e1mogat\u00e1sa, \u00edgy \u00e9vente t\u00f6bb Akad\u00e9mi\u00e1t is ind\u00edtunk, melyre a jogi szf\u00e9ra \u00f6sszes k\u00e9pvisel\u0151j\u00e9t, k\u00e9pzetts\u00e9gt\u0151l f\u00fcggetlen\u00fcl v\u00e1rjuk. Energia Akad\u00e9mia A J\u00d6Sz Energia Akad\u00e9mi\u00e1ja a J\u00d6Sz Int\u00e9zet \u00e9s Alap\u00edtv\u00e1ny, a MOL \u00e9s az MVM egy\u00fcttm\u0171k\u00f6d\u00e9s\u00e9nek keret\u00e9ben l\u00e9trej\u00f6tt t\u00e9r\u00edt\u00e9smentes, [&hellip;]<\/p>","protected":false},"author":1,"featured_media":0,"parent":0,"menu_order":0,"comment_status":"closed","ping_status":"closed","template":"elementor_header_footer","meta":{"footnotes":""},"oldal-kategoriak":[15],"class_list":["post-2588","page","type-page","status-publish","hentry","oldal-kategoriak-egyeb"],"_hostinger_reach_plugin_has_subscription_block":false,"_hostinger_reach_plugin_is_elementor":false,"_links":{"self":[{"href":"https:\/\/josz.org\/en\/wp-json\/wp\/v2\/pages\/2588","targetHints":{"allow":["GET"]}}],"collection":[{"href":"https:\/\/josz.org\/en\/wp-json\/wp\/v2\/pages"}],"about":[{"href":"https:\/\/josz.org\/en\/wp-json\/wp\/v2\/types\/page"}],"author":[{"embeddable":true,"href":"https:\/\/josz.org\/en\/wp-json\/wp\/v2\/users\/1"}],"replies":[{"embeddable":true,"href":"https:\/\/josz.org\/en\/wp-json\/wp\/v2\/comments?post=2588"}],"version-history":[{"count":4,"href":"https:\/\/josz.org\/en\/wp-json\/wp\/v2\/pages\/2588\/revisions"}],"predecessor-version":[{"id":2594,"href":"https:\/\/josz.org\/en\/wp-json\/wp\/v2\/pages\/2588\/revisions\/2594"}],"wp:attachment":[{"href":"https:\/\/josz.org\/en\/wp-json\/wp\/v2\/media?parent=2588"}],"wp:term":[{"taxonomy":"oldal-kategoriak","embeddable":true,"href":"https:\/\/josz.org\/en\/wp-json\/wp\/v2\/oldal-kategoriak?post=2588"}],"curies":[{"name":"wp","href":"https:\/\/api.w.org\/{rel}","templated":true}]}}